{"id":389,"date":"2023-11-01T19:01:45","date_gmt":"2023-11-01T19:01:45","guid":{"rendered":"https:\/\/citcontrol.com\/andina\/?page_id=389"},"modified":"2025-07-31T21:13:45","modified_gmt":"2025-07-31T21:13:45","slug":"empresacontacto","status":"publish","type":"page","link":"https:\/\/controlandina.com\/en\/empresacontacto\/","title":{"rendered":"Empresa"},"content":{"rendered":"<div      class=\"vc_row wpb_row section vc_row-fluid \" style=' text-align:left;'><div class=\" full_section_inner clearfix\"><div class=\"wpb_column vc_column_container vc_col-sm-12\"><div class=\"vc_column-inner \"><div class=\"wpb_wrapper\">\n\t<div class=\"wpb_raw_code wpb_content_element wpb_raw_html\" >\n\t\t<div class=\"wpb_wrapper\">\n\t\t\t<div id=\"metaslider-id-1363\" style=\"width: 100%;\" class=\"ml-slider-3-108-0 metaslider metaslider-flex metaslider-1363 ml-slider has-dots-nav ms-theme-default-base\" role=\"region\" aria-label=\"empresa\" data-height=\"400\" data-width=\"1300\">\n    <div id=\"metaslider_container_1363\">\n        <div id=\"metaslider_1363\">\n            <ul class='slides'>\n                <li style=\"display: block; width: 100%;\" class=\"slide-1364 ms-image \" aria-roledescription=\"slide\" data-date=\"2024-11-28 16:42:11\" data-filename=\"empresa-1238x381.png\" data-slide-type=\"image\"><img loading=\"lazy\" decoding=\"async\" src=\"https:\/\/controlandina.com\/wp-content\/uploads\/2024\/11\/empresa-1238x381.png\" height=\"400\" width=\"1300\" alt=\"\" class=\"slider-1363 slide-1364 msDefaultImage\" title=\"empresa\" \/><\/li>\n            <\/ul>\n        <\/div>\n        \n    <\/div>\n<\/div>\n\t\t<\/div>\n\t<\/div>\n<\/div><\/div><\/div><\/div><\/div><div id=\"somos\"     class=\"vc_row wpb_row section vc_row-fluid \" style=' text-align:left;'><div class=\" full_section_inner clearfix\"><div class=\"wpb_column vc_column_container vc_col-sm-6\"><div class=\"vc_column-inner vc_custom_1736186848935\"><div class=\"wpb_wrapper\">\n\t<div class=\"wpb_text_column wpb_content_element \">\n\t\t<div class=\"wpb_wrapper\">\n\t\t\t<h3><span style=\"color: #00ffff;\">Control Andina<\/span> es una empresa radicada Salte\u00f1a especializada en el suministro de soluciones integrales para la actividad minera.<\/h3>\n\n\t\t<\/div> \n\t<\/div> <\/div><\/div><\/div><div class=\"wpb_column vc_column_container vc_col-sm-6\"><div class=\"vc_column-inner \"><div class=\"wpb_wrapper\">\n\t<div class=\"wpb_single_image wpb_content_element vc_align_center\">\n\t\t<div class=\"wpb_wrapper\">\n\t\t\t\n\t\t\t<div class=\"vc_single_image-wrapper   vc_box_border_grey\"><img loading=\"lazy\" decoding=\"async\" width=\"300\" height=\"183\" src=\"https:\/\/controlandina.com\/wp-content\/uploads\/2024\/11\/logo-grupo-control-300x183.png\" class=\"vc_single_image-img attachment-medium\" alt=\"\" srcset=\"https:\/\/controlandina.com\/wp-content\/uploads\/2024\/11\/logo-grupo-control-300x183.png 300w, https:\/\/controlandina.com\/wp-content\/uploads\/2024\/11\/logo-grupo-control-1024x624.png 1024w, https:\/\/controlandina.com\/wp-content\/uploads\/2024\/11\/logo-grupo-control-768x468.png 768w, https:\/\/controlandina.com\/wp-content\/uploads\/2024\/11\/logo-grupo-control-1536x936.png 1536w, https:\/\/controlandina.com\/wp-content\/uploads\/2024\/11\/logo-grupo-control-2048x1248.png 2048w, https:\/\/controlandina.com\/wp-content\/uploads\/2024\/11\/logo-grupo-control-18x12.png 18w, https:\/\/controlandina.com\/wp-content\/uploads\/2024\/11\/logo-grupo-control-700x426.png 700w\" sizes=\"auto, (max-width: 300px) 100vw, 300px\" \/><\/div>\n\t\t<\/div>\n\t<\/div>\n<\/div><\/div><\/div><\/div><\/div><div      class=\"vc_row wpb_row section vc_row-fluid  vc_custom_1700569464545\" style=' text-align:left;'><div class=\" full_section_inner clearfix\"><div class=\"wpb_column vc_column_container vc_col-sm-12\"><div class=\"vc_column-inner vc_custom_1732188923575\"><div class=\"wpb_wrapper\"><div      class=\"vc_row wpb_row section vc_row-fluid vc_inner  vc_custom_1736444071148\" style=' text-align:left;'><div class=\" full_section_inner clearfix\"><div class=\"wpb_column vc_column_container vc_col-sm-4\"><div class=\"vc_column-inner \"><div class=\"wpb_wrapper\"><div class=\"q_image_with_text_over\"><div class=\"shader\" ><\/div><img decoding=\"async\" itemprop=\"image\" src=\"https:\/\/controlandina.com\/wp-content\/uploads\/2024\/11\/versatilidad-1-537x537-1.jpg\" alt=\"CONSTRUCCIONES MODULARES\" \/><div class=\"text\"><table><tr><td><h3 class=\"caption no_icon\" style=\"\">CONSTRUCCIONES MODULARES<\/h3><\/td><\/tr><\/table><table><tr><td><div class=\"desc\">Proyecto e ingenier\u00eda<br \/>\nFabricaci\u00f3n y construcci\u00f3n<br \/>\nMontaje y puesta en marcha<\/div><\/td><\/tr><\/table><\/div><\/div><\/div><\/div><\/div><div class=\"wpb_column vc_column_container vc_col-sm-4\"><div class=\"vc_column-inner \"><div class=\"wpb_wrapper\"><div class=\"q_image_with_text_over\"><div class=\"shader\" ><\/div><img decoding=\"async\" itemprop=\"image\" src=\"https:\/\/controlandina.com\/wp-content\/uploads\/2024\/11\/logisticaok.jpg\" alt=\"LOGISTICA &amp; STORING\" \/><div class=\"text\"><table><tr><td><h3 class=\"caption no_icon\" style=\"\">LOGISTICA &amp; STORING<\/h3><\/td><\/tr><\/table><table><tr><td><div class=\"desc\">Recepci\u00f3n y almacenaje en dep\u00f3sito (Salta).<br \/>\nTransporte hasta el sitio.<br \/>\nDistribuci\u00f3n \u00faltima milla (Puna).<\/div><\/td><\/tr><\/table><\/div><\/div><\/div><\/div><\/div><div class=\"wpb_column vc_column_container vc_col-sm-4\"><div class=\"vc_column-inner \"><div class=\"wpb_wrapper\"><div class=\"q_image_with_text_over\"><div class=\"shader\" ><\/div><img decoding=\"async\" itemprop=\"image\" src=\"https:\/\/controlandina.com\/wp-content\/uploads\/2024\/11\/camioneta-minera-home-1214x1214-1.jpg\" alt=\"ALQUILER FLOTA 4X4\" \/><div class=\"text\"><table><tr><td><h3 class=\"caption no_icon\" style=\"\">ALQUILER FLOTA 4X4<\/h3><\/td><\/tr><\/table><table><tr><td><div class=\"desc\">Veh\u00edculos con chofer y sin chofer<br \/>\nUnidades para transporte ejecutivo<br \/>\nFlexibilidad en tiempo de alquiler<\/div><\/td><\/tr><\/table><\/div><\/div><\/div><\/div><\/div><\/div><\/div>\n\t<div class=\"wpb_text_column wpb_content_element \">\n\t\t<div class=\"wpb_wrapper\">\n\t\t\t<p><span style=\"vertical-align: inherit;\"><span style=\"vertical-align: inherit;\"><\/p>\n\n\t\t<\/div> \n\t<\/div> <div      class=\"vc_row wpb_row section vc_row-fluid vc_inner  vc_custom_1736445180681 grid_section\" style=' text-align:left;'><div class=\" section_inner clearfix\"><div class='section_inner_margin clearfix'><div class=\"wpb_column vc_column_container vc_col-sm-6\"><div class=\"vc_column-inner \"><div class=\"wpb_wrapper\">\t<div class=\"vc_empty_space\"  style=\"height: 5px\" ><span\n\t\t\tclass=\"vc_empty_space_inner\">\n\t\t\t<span class=\"empty_space_image\"  ><\/span>\n\t\t<\/span><\/div>\n\n\n\t<div class=\"wpb_text_column wpb_content_element \">\n\t\t<div class=\"wpb_wrapper\">\n\t\t\t<p><\/span><\/span><\/p>\n<h3>Cont\u00e1ctenos<\/h3>\n\n\t\t<\/div> \n\t<\/div> \t<div class=\"vc_empty_space\"  style=\"height: 20px\" ><span\n\t\t\tclass=\"vc_empty_space_inner\">\n\t\t\t<span class=\"empty_space_image\"  ><\/span>\n\t\t<\/span><\/div>\n\n\n\t<div class=\"wpb_text_column wpb_content_element \">\n\t\t<div class=\"wpb_wrapper\">\n\t\t\t<h3>Estamos a un clic de distancia<\/h3>\n\n\t\t<\/div> \n\t<\/div> \t<div class=\"vc_empty_space\"  style=\"height: 20px\" ><span\n\t\t\tclass=\"vc_empty_space_inner\">\n\t\t\t<span class=\"empty_space_image\"  ><\/span>\n\t\t<\/span><\/div>\n\n\n\t<div class=\"wpb_text_column wpb_content_element  vc_custom_1734214903798\">\n\t\t<div class=\"wpb_wrapper\">\n\t\t\t<h4>Complete el formulario o comun\u00edquese telef\u00f3nicamente con nosotros y descubra c\u00f3mo podemos ayudar a alcanzar sus objetivos. Nuestro equipo est\u00e1 listo para recibir todas sus consultas.<\/h4>\n\n\t\t<\/div> \n\t<\/div> \t<div class=\"vc_empty_space\"  style=\"height: 20px\" ><span\n\t\t\tclass=\"vc_empty_space_inner\">\n\t\t\t<span class=\"empty_space_image\"  ><\/span>\n\t\t<\/span><\/div>\n\n\n\t<div class=\"wpb_text_column wpb_content_element \">\n\t\t<div class=\"wpb_wrapper\">\n\t\t\t<h3>Salta<\/h3>\n<h5><span data-type=\"normal\" data-hover-icon-color=\"#ffffff\" class=\"qode_icon_shortcode  q_font_awsome_icon fa-lg  \" style=\"margin: 0 3px 4px 0 ; \"><a  itemprop=\"url\" href=\"https:\/\/api.whatsapp.com\/send?phone=3875112959&amp;text=Hola,%20necesito%20m%C3%A1s%20imformaci%C3%B3n\" target=\"_blank\"><i class=\"qode_icon_font_awesome fa fa fa-whatsapp -square qode_icon_element\" style=\"font-size: 26px;color: #0089BD;\" ><\/i><\/a><\/span><span style=\"color: #808080;\"> <strong><a style=\"color: #808080;\" href=\"https:\/\/api.whatsapp.com\/send?phone=3875067829&amp;text=Hola,%20necesito%20m%C3%A1s%20imformaci%C3%B3n\">+54 387 -506-7829<\/a><\/strong><\/span><\/h5>\n\n\t\t<\/div> \n\t<\/div> \n\t<div class=\"wpb_text_column wpb_content_element \">\n\t\t<div class=\"wpb_wrapper\">\n\t\t\t<h3>Catamarca<\/h3>\n<h5><span data-type=\"normal\" data-hover-icon-color=\"#ffffff\" class=\"qode_icon_shortcode  q_font_awsome_icon fa-lg  \" style=\"margin: 0 3px 4px 0 ; \"><a  itemprop=\"url\" href=\"https:\/\/api.whatsapp.com\/send?phone=3834320386&amp;text=Hola,%20necesito%20m%C3%A1s%20imformaci%C3%B3n\" target=\"_blank\"><i class=\"qode_icon_font_awesome fa fa fa-whatsapp -square qode_icon_element\" style=\"font-size: 26px;color: #0089BD;\" ><\/i><\/a><\/span><span style=\"color: #808080;\"> <strong><a style=\"color: #808080;\" href=\"https:\/\/api.whatsapp.com\/send?phone=3834320386&amp;text=Hola,%20necesito%20m%C3%A1s%20imformaci%C3%B3n\">+54 383 432-0386<\/a><\/strong><\/span><\/h5>\n\n\t\t<\/div> \n\t<\/div> \n\t<div class=\"wpb_text_column wpb_content_element \">\n\t\t<div class=\"wpb_wrapper\">\n\t\t\t<h3>Tucum\u00e1n<\/h3>\n<h5><span data-type=\"normal\" data-hover-icon-color=\"#ffffff\" class=\"qode_icon_shortcode  q_font_awsome_icon fa-lg  \" style=\"margin: 0 3px 4px 0 ; \"><a  itemprop=\"url\" href=\"https:\/\/api.whatsapp.com\/send?phone=3815779114&amp;text=Hola,%20necesito%20m%C3%A1s%20imformaci%C3%B3n\" target=\"_blank\"><i class=\"qode_icon_font_awesome fa fa fa-whatsapp -square qode_icon_element\" style=\"font-size: 26px;color: #0089BD;\" ><\/i><\/a><\/span><span style=\"color: #808080;\"> <strong><a style=\"color: #808080;\" href=\"https:\/\/api.whatsapp.com\/send?phone=3815779114&amp;text=Hola,%20necesito%20m%C3%A1s%20imformaci%C3%B3n\">+54 381 577-9114<\/a><\/strong><\/span><\/h5>\n\n\t\t<\/div> \n\t<\/div> \t<div class=\"vc_empty_space\"  style=\"height: 10px\" ><span\n\t\t\tclass=\"vc_empty_space_inner\">\n\t\t\t<span class=\"empty_space_image\"  ><\/span>\n\t\t<\/span><\/div>\n\n\t<div class=\"vc_empty_space\"  style=\"height: 10px\" ><span\n\t\t\tclass=\"vc_empty_space_inner\">\n\t\t\t<span class=\"empty_space_image\"  ><\/span>\n\t\t<\/span><\/div>\n\n\n\t<div class=\"wpb_text_column wpb_content_element \">\n\t\t<div class=\"wpb_wrapper\">\n\t\t\t<h3>Redes Sociales<\/h3>\n\n\t\t<\/div> \n\t<\/div> <div class='q_elements_holder one_column responsive_mode_from_768' ><div class='q_elements_item ' data-animation='no' style='vertical-align:bottom;text-align:left;'><div class='q_elements_item_inner'><div class='q_elements_item_content q_elements_holder_custom_787231'><span class='q_social_icon_holder circle_social' data-color=#0866ff data-hover-background-color=#fcfcfc ><a itemprop='url' href='https:\/\/www.facebook.com\/controlandina' target='_blank'><span class='fa-stack fa-2x' style=''><i class=\"qode_icon_font_awesome fa fa-facebook \" style=\"color: #0866ff;\" ><\/i><\/span><\/a><\/span><span class='q_social_icon_holder circle_social' data-color=#0077b5 data-hover-background-color=#fcfcfc ><a itemprop='url' href='https:\/\/www.linkedin.com\/company\/control-andina\/' target='_blank'><span class='fa-stack fa-2x' style=''><i class=\"qode_icon_font_awesome fa fa-linkedin \" style=\"color: #0077b5;\" ><\/i><\/span><\/a><\/span><span class='q_social_icon_holder circle_social' data-color=#f40392 data-hover-background-color=#fcfcfc ><a itemprop='url' href='https:\/\/www.instagram.com\/controlandina' target='_blank'><span class='fa-stack fa-2x' style=''><i class=\"qode_icon_font_awesome fa fa-instagram \" style=\"color: #f40392;\" ><\/i><\/span><\/a><\/span><\/div><\/div><\/div><\/div>\t<div class=\"vc_empty_space\"  style=\"height: 10px\" ><span\n\t\t\tclass=\"vc_empty_space_inner\">\n\t\t\t<span class=\"empty_space_image\"  ><\/span>\n\t\t<\/span><\/div>\n\n<\/div><\/div><\/div><div class=\"wpb_column vc_column_container vc_col-sm-6\"><div class=\"vc_column-inner vc_custom_1700569828394\"><div class=\"wpb_wrapper\">\t<div class=\"vc_empty_space\"  style=\"height: 5px\" ><span\n\t\t\tclass=\"vc_empty_space_inner\">\n\t\t\t<span class=\"empty_space_image\"  ><\/span>\n\t\t<\/span><\/div>\n\n\n\t<div class=\"wpb_raw_code wpb_content_element wpb_raw_html\" >\n\t\t<div class=\"wpb_wrapper\">\n\t\t\t<style id=\"wpforms-css-vars-432\">\n\t\t\t\t#wpforms-432 {\n\t\t\t\t\n\t\t\t}\n\t\t\t<\/style><div class=\"wpforms-container wpforms-container-full wpforms-render-modern\" id=\"wpforms-432\"><form id=\"wpforms-form-432\" class=\"wpforms-validate wpforms-form wpforms-ajax-form\" data-formid=\"432\" method=\"post\" enctype=\"multipart\/form-data\" action=\"\/en\/wp-json\/wp\/v2\/pages\/389\" data-token=\"f47df59200e3a782f2dc929123222d14\" data-token-time=\"1776586411\"><noscript class=\"wpforms-error-noscript\">Please enable JavaScript in your browser to complete this form.<\/noscript><div id=\"wpforms-error-noscript\" style=\"display: none;\">Please enable JavaScript in your browser to complete this form.<\/div><div class=\"wpforms-field-container\"><div id=\"wpforms-432-field_3-container\" class=\"wpforms-field wpforms-field-name\" data-field-id=\"3\"><fieldset><legend class=\"wpforms-field-label\">Nombre <span class=\"wpforms-required-label\" aria-hidden=\"true\">*<\/span><\/legend><div class=\"wpforms-field-row wpforms-field-large\"><div class=\"wpforms-field-row-block wpforms-first wpforms-one-half\"><input type=\"text\" id=\"wpforms-432-field_3\" class=\"wpforms-field-name-first wpforms-field-required\" name=\"wpforms[fields][3][first]\" aria-errormessage=\"wpforms-432-field_3-error\" required><label for=\"wpforms-432-field_3\" class=\"wpforms-field-sublabel after\">First<\/label><\/div><div class=\"wpforms-field-row-block wpforms-one-half\"><input type=\"text\" id=\"wpforms-432-field_3-last\" class=\"wpforms-field-name-last wpforms-field-required\" name=\"wpforms[fields][3][last]\" aria-errormessage=\"wpforms-432-field_3-last-error\" required><label for=\"wpforms-432-field_3-last\" class=\"wpforms-field-sublabel after\">Last<\/label><\/div><\/div><\/fieldset><\/div><div id=\"wpforms-432-field_4-container\" class=\"wpforms-field wpforms-field-email\" data-field-id=\"4\"><label class=\"wpforms-field-label\" for=\"wpforms-432-field_4\">Correo electr\u00f3nico <span class=\"wpforms-required-label\" aria-hidden=\"true\">*<\/span><\/label><input type=\"email\" id=\"wpforms-432-field_4\" class=\"wpforms-field-medium wpforms-field-required\" name=\"wpforms[fields][4]\" spellcheck=\"false\" aria-errormessage=\"wpforms-432-field_4-error\" required><\/div><div id=\"wpforms-432-field_5-container\" class=\"wpforms-field wpforms-field-number\" data-field-id=\"5\"><label class=\"wpforms-field-label\" for=\"wpforms-432-field_5\">Tel\u00e9fono <span class=\"wpforms-required-label\" aria-hidden=\"true\">*<\/span><\/label><input type=\"number\" id=\"wpforms-432-field_5\" class=\"wpforms-field-medium wpforms-field-required\" name=\"wpforms[fields][5]\" step=\"any\" aria-errormessage=\"wpforms-432-field_5-error\" required><\/div><div id=\"wpforms-432-field_6-container\" class=\"wpforms-field wpforms-field-textarea\" data-field-id=\"6\"><label class=\"wpforms-field-label\" for=\"wpforms-432-field_6\">Mensaje <span class=\"wpforms-required-label\" aria-hidden=\"true\">*<\/span><\/label><textarea id=\"wpforms-432-field_6\" class=\"wpforms-field-medium wpforms-field-required\" name=\"wpforms[fields][6]\" aria-errormessage=\"wpforms-432-field_6-error\" required><\/textarea><\/div><\/div><!-- .wpforms-field-container --><div class=\"wpforms-submit-container\" ><input type=\"hidden\" name=\"wpforms[id]\" value=\"432\"><input type=\"hidden\" name=\"page_title\" value=\"\"><input type=\"hidden\" name=\"page_url\" value=\"https:\/\/controlandina.com\/en\/wp-json\/wp\/v2\/pages\/389\"><input type=\"hidden\" name=\"url_referer\" value=\"\"><button type=\"submit\" name=\"wpforms[submit]\" id=\"wpforms-submit-432\" class=\"wpforms-submit\" data-alt-text=\"Enviando...\" data-submit-text=\"Enviar\" aria-live=\"assertive\" value=\"wpforms-submit\">Enviar<\/button><img loading=\"lazy\" decoding=\"async\" src=\"https:\/\/controlandina.com\/wp-content\/plugins\/wpforms-lite\/assets\/images\/submit-spin.svg\" class=\"wpforms-submit-spinner\" style=\"display: none;\" width=\"26\" height=\"26\" alt=\"Loading\"><\/div><\/form><\/div>  <!-- .wpforms-container -->\n\t\t<\/div>\n\t<\/div>\n<\/div><\/div><\/div><\/div><\/div><\/div><\/div><\/div><\/div><\/div><\/div><div      class=\"vc_row wpb_row section vc_row-fluid \" style=' text-align:left;'><div class=\" full_section_inner clearfix\"><div class=\"wpb_column vc_column_container vc_col-sm-12\"><div class=\"vc_column-inner vc_custom_1734214766720\"><div class=\"wpb_wrapper\"><div class='q_elements_holder two_columns responsive_mode_from_768' ><div class='q_elements_item ' data-animation='no'><div class='q_elements_item_inner'><div class='q_elements_item_content q_elements_holder_custom_869226'>\n\t<div class=\"wpb_text_column wpb_content_element \">\n\t\t<div class=\"wpb_wrapper\">\n\t\t\t<h4><strong>Tucum\u00e1n Oficina Central<\/strong> \u2013Lobo de la Vega 1248, Yerba Buena<\/h4>\n\n\t\t<\/div> \n\t<\/div> <div class=\"wpb_gmaps_widget wpb_content_element\" >\n\t\t<div class=\"wpb_wrapper\">\n\t\t<div class=\"wpb_map_wraper\">\n\t\t\t<iframe src=\"https:\/\/www.google.com\/maps\/embed?pb=!1m18!1m12!1m3!1d3561.1748080908887!2d-65.2931591!3d-26.802562!2m3!1f0!2f0!3f0!3m2!1i1024!2i768!4f13.1!3m3!1m2!1s0x8ef5dd689898e2fb%3A0xd7bb579f570449b2!2sCit%20control!5e0!3m2!1ses-419!2sar!4v1734214462886!5m2!1ses-419!2sar\" width=\"400\" height=\"300\" style=\"border:0;\" allowfullscreen=\"\" loading=\"lazy\" referrerpolicy=\"no-referrer-when-downgrade\"><\/iframe>\t\t<\/div>\n\t<\/div>\n<\/div>\n<\/div><\/div><\/div><div class='q_elements_item ' data-animation='no'><div class='q_elements_item_inner'><div class='q_elements_item_content q_elements_holder_custom_114501'>\n\t<div class=\"wpb_text_column wpb_content_element \">\n\t\t<div class=\"wpb_wrapper\">\n\t\t\t<p><span style=\"font-weight: 400;\"><strong>Centro log\u00edstico en Salta<\/strong> &#8211; Servicio de distribuci\u00f3n desde La Silleta. <\/span><\/p>\n\n\t\t<\/div> \n\t<\/div> <div class=\"wpb_gmaps_widget wpb_content_element\" >\n\t\t<div class=\"wpb_wrapper\">\n\t\t<div class=\"wpb_map_wraper\">\n\t\t\t<iframe src=\"https:\/\/www.google.com\/maps\/embed?pb=!1m18!1m12!1m3!1d3033.2989625877312!2d-65.56396342207127!3d-24.87259209261504!2m3!1f0!2f0!3f0!3m2!1i1024!2i768!4f13.1!3m3!1m2!1s0x941bc364e5ed60bd%3A0xce57f008de92122d!2sControl%20Andina!5e0!3m2!1ses-419!2sar!4v1734214381081!5m2!1ses-419!2sar\" width=\"400\" height=\"300\" style=\"border:0;\" allowfullscreen=\"\" loading=\"lazy\" referrerpolicy=\"no-referrer-when-downgrade\"><\/iframe>\t\t<\/div>\n\t<\/div>\n<\/div>\n<\/div><\/div><\/div><\/div><\/div><\/div><\/div><\/div><\/div>\n","protected":false},"excerpt":{"rendered":"Control Andina es una empresa radicada Salte\u00f1a especializada en el suministro de soluciones integrales para la actividad minera. CONSTRUCCIONES MODULARESProyecto e ingenier\u00eda Fabricaci\u00f3n y construcci\u00f3n Montaje y puesta en marchaLOGISTICA &amp; STORINGRecepci\u00f3n y almacenaje en dep\u00f3sito (Salta). Transporte hasta el sitio. Distribuci\u00f3n \u00faltima milla (Puna).ALQUILER...","protected":false},"author":3,"featured_media":0,"parent":0,"menu_order":0,"comment_status":"closed","ping_status":"closed","template":"full_width.php","meta":{"two_page_speed":[],"footnotes":""},"class_list":["post-389","page","type-page","status-publish","hentry"],"yoast_head":"<!-- This site is optimized with the Yoast SEO plugin v27.4 - https:\/\/yoast.com\/product\/yoast-seo-wordpress\/ -->\n<title>Empresa - Control Andina<\/title>\n<meta name=\"robots\" content=\"index, follow, max-snippet:-1, max-image-preview:large, max-video-preview:-1\" \/>\n<link rel=\"canonical\" href=\"https:\/\/controlandina.com\/en\/empresacontacto\/\" \/>\n<meta property=\"og:locale\" content=\"en_US\" \/>\n<meta property=\"og:type\" content=\"article\" \/>\n<meta property=\"og:title\" content=\"Empresa - Control Andina\" \/>\n<meta property=\"og:url\" content=\"https:\/\/controlandina.com\/en\/empresacontacto\/\" \/>\n<meta property=\"og:site_name\" content=\"Control Andina\" \/>\n<meta property=\"article:modified_time\" content=\"2025-07-31T21:13:45+00:00\" \/>\n<meta name=\"twitter:card\" content=\"summary_large_image\" \/>\n<meta name=\"twitter:label1\" content=\"Est. reading time\" \/>\n\t<meta name=\"twitter:data1\" content=\"2 minutes\" \/>\n<script type=\"application\/ld+json\" class=\"yoast-schema-graph\">{\"@context\":\"https:\\\/\\\/schema.org\",\"@graph\":[{\"@type\":\"WebPage\",\"@id\":\"https:\\\/\\\/controlandina.com\\\/empresacontacto\\\/\",\"url\":\"https:\\\/\\\/controlandina.com\\\/empresacontacto\\\/\",\"name\":\"Empresa - Control Andina\",\"isPartOf\":{\"@id\":\"https:\\\/\\\/controlandina.com\\\/#website\"},\"datePublished\":\"2023-11-01T19:01:45+00:00\",\"dateModified\":\"2025-07-31T21:13:45+00:00\",\"breadcrumb\":{\"@id\":\"https:\\\/\\\/controlandina.com\\\/empresacontacto\\\/#breadcrumb\"},\"inLanguage\":\"en-US\",\"potentialAction\":[{\"@type\":\"ReadAction\",\"target\":[\"https:\\\/\\\/controlandina.com\\\/empresacontacto\\\/\"]}]},{\"@type\":\"BreadcrumbList\",\"@id\":\"https:\\\/\\\/controlandina.com\\\/empresacontacto\\\/#breadcrumb\",\"itemListElement\":[{\"@type\":\"ListItem\",\"position\":1,\"name\":\"Portada\",\"item\":\"https:\\\/\\\/controlandina.com\\\/\"},{\"@type\":\"ListItem\",\"position\":2,\"name\":\"Empresa\"}]},{\"@type\":\"WebSite\",\"@id\":\"https:\\\/\\\/controlandina.com\\\/#website\",\"url\":\"https:\\\/\\\/controlandina.com\\\/\",\"name\":\"Control Andina\",\"description\":\"Construccion Modular\",\"publisher\":{\"@id\":\"https:\\\/\\\/controlandina.com\\\/#organization\"},\"potentialAction\":[{\"@type\":\"SearchAction\",\"target\":{\"@type\":\"EntryPoint\",\"urlTemplate\":\"https:\\\/\\\/controlandina.com\\\/?s={search_term_string}\"},\"query-input\":{\"@type\":\"PropertyValueSpecification\",\"valueRequired\":true,\"valueName\":\"search_term_string\"}}],\"inLanguage\":\"en-US\"},{\"@type\":\"Organization\",\"@id\":\"https:\\\/\\\/controlandina.com\\\/#organization\",\"name\":\"Control Andina\",\"url\":\"https:\\\/\\\/controlandina.com\\\/\",\"logo\":{\"@type\":\"ImageObject\",\"inLanguage\":\"en-US\",\"@id\":\"https:\\\/\\\/controlandina.com\\\/#\\\/schema\\\/logo\\\/image\\\/\",\"url\":\"http:\\\/\\\/controlandina.com\\\/wp-content\\\/uploads\\\/2023\\\/10\\\/Logo-Control-Andina-Transparente-1-e1698170243570.png\",\"contentUrl\":\"http:\\\/\\\/controlandina.com\\\/wp-content\\\/uploads\\\/2023\\\/10\\\/Logo-Control-Andina-Transparente-1-e1698170243570.png\",\"width\":500,\"height\":197,\"caption\":\"Control Andina\"},\"image\":{\"@id\":\"https:\\\/\\\/controlandina.com\\\/#\\\/schema\\\/logo\\\/image\\\/\"},\"sameAs\":[\"https:\\\/\\\/www.linkedin.com\\\/company\\\/control-andina\"]}]}<\/script>\n<!-- \/ Yoast SEO plugin. -->","yoast_head_json":{"title":"Empresa - Control Andina","robots":{"index":"index","follow":"follow","max-snippet":"max-snippet:-1","max-image-preview":"max-image-preview:large","max-video-preview":"max-video-preview:-1"},"canonical":"https:\/\/controlandina.com\/en\/empresacontacto\/","og_locale":"en_US","og_type":"article","og_title":"Empresa - Control Andina","og_url":"https:\/\/controlandina.com\/en\/empresacontacto\/","og_site_name":"Control Andina","article_modified_time":"2025-07-31T21:13:45+00:00","twitter_card":"summary_large_image","twitter_misc":{"Est. reading time":"2 minutes"},"schema":{"@context":"https:\/\/schema.org","@graph":[{"@type":"WebPage","@id":"https:\/\/controlandina.com\/empresacontacto\/","url":"https:\/\/controlandina.com\/empresacontacto\/","name":"Empresa - Control Andina","isPartOf":{"@id":"https:\/\/controlandina.com\/#website"},"datePublished":"2023-11-01T19:01:45+00:00","dateModified":"2025-07-31T21:13:45+00:00","breadcrumb":{"@id":"https:\/\/controlandina.com\/empresacontacto\/#breadcrumb"},"inLanguage":"en-US","potentialAction":[{"@type":"ReadAction","target":["https:\/\/controlandina.com\/empresacontacto\/"]}]},{"@type":"BreadcrumbList","@id":"https:\/\/controlandina.com\/empresacontacto\/#breadcrumb","itemListElement":[{"@type":"ListItem","position":1,"name":"Portada","item":"https:\/\/controlandina.com\/"},{"@type":"ListItem","position":2,"name":"Empresa"}]},{"@type":"WebSite","@id":"https:\/\/controlandina.com\/#website","url":"https:\/\/controlandina.com\/","name":"Control Andina","description":"Construccion Modular","publisher":{"@id":"https:\/\/controlandina.com\/#organization"},"potentialAction":[{"@type":"SearchAction","target":{"@type":"EntryPoint","urlTemplate":"https:\/\/controlandina.com\/?s={search_term_string}"},"query-input":{"@type":"PropertyValueSpecification","valueRequired":true,"valueName":"search_term_string"}}],"inLanguage":"en-US"},{"@type":"Organization","@id":"https:\/\/controlandina.com\/#organization","name":"Control Andina","url":"https:\/\/controlandina.com\/","logo":{"@type":"ImageObject","inLanguage":"en-US","@id":"https:\/\/controlandina.com\/#\/schema\/logo\/image\/","url":"http:\/\/controlandina.com\/wp-content\/uploads\/2023\/10\/Logo-Control-Andina-Transparente-1-e1698170243570.png","contentUrl":"http:\/\/controlandina.com\/wp-content\/uploads\/2023\/10\/Logo-Control-Andina-Transparente-1-e1698170243570.png","width":500,"height":197,"caption":"Control Andina"},"image":{"@id":"https:\/\/controlandina.com\/#\/schema\/logo\/image\/"},"sameAs":["https:\/\/www.linkedin.com\/company\/control-andina"]}]}},"_links":{"self":[{"href":"https:\/\/controlandina.com\/en\/wp-json\/wp\/v2\/pages\/389","targetHints":{"allow":["GET"]}}],"collection":[{"href":"https:\/\/controlandina.com\/en\/wp-json\/wp\/v2\/pages"}],"about":[{"href":"https:\/\/controlandina.com\/en\/wp-json\/wp\/v2\/types\/page"}],"author":[{"embeddable":true,"href":"https:\/\/controlandina.com\/en\/wp-json\/wp\/v2\/users\/3"}],"replies":[{"embeddable":true,"href":"https:\/\/controlandina.com\/en\/wp-json\/wp\/v2\/comments?post=389"}],"version-history":[{"count":67,"href":"https:\/\/controlandina.com\/en\/wp-json\/wp\/v2\/pages\/389\/revisions"}],"predecessor-version":[{"id":1726,"href":"https:\/\/controlandina.com\/en\/wp-json\/wp\/v2\/pages\/389\/revisions\/1726"}],"wp:attachment":[{"href":"https:\/\/controlandina.com\/en\/wp-json\/wp\/v2\/media?parent=389"}],"curies":[{"name":"wp","href":"https:\/\/api.w.org\/{rel}","templated":true}]}}